{"id":88,"date":"2024-08-11T15:52:23","date_gmt":"2024-08-11T20:52:23","guid":{"rendered":"https:\/\/lirsperu.com\/?page_id=88"},"modified":"2026-01-22T07:36:25","modified_gmt":"2026-01-22T12:36:25","slug":"recoleccion-y-transporte","status":"publish","type":"page","link":"https:\/\/lirsperu.com\/?page_id=88","title":{"rendered":"Transporte de residuos industriales"},"content":{"rendered":"<div class=\"wp-block-image wp-duotone-unset-1\">\n<figure class=\"alignright size-large is-resized\"><img loading=\"lazy\" decoding=\"async\" width=\"1024\" height=\"1024\" src=\"https:\/\/lirsperu.com\/wp-content\/uploads\/2024\/08\/TRANSPORTE-1024x1024.jpg\" alt=\"\" class=\"wp-image-109\" style=\"width:392px;height:auto\" srcset=\"https:\/\/lirsperu.com\/wp-content\/uploads\/2024\/08\/TRANSPORTE-1024x1024.jpg 1024w, https:\/\/lirsperu.com\/wp-content\/uploads\/2024\/08\/TRANSPORTE-300x300.jpg 300w, https:\/\/lirsperu.com\/wp-content\/uploads\/2024\/08\/TRANSPORTE-150x150.jpg 150w, https:\/\/lirsperu.com\/wp-content\/uploads\/2024\/08\/TRANSPORTE-768x768.jpg 768w, https:\/\/lirsperu.com\/wp-content\/uploads\/2024\/08\/TRANSPORTE-100x100.jpg 100w, https:\/\/lirsperu.com\/wp-content\/uploads\/2024\/08\/TRANSPORTE.jpg 1080w\" sizes=\"auto, (max-width: 706px) 89vw, (max-width: 767px) 82vw, 740px\" \/><\/figure>\n<\/div>\n\n\n<ol class=\"wp-block-list\">\n<li><strong>Visita T\u00e9cnica Previa<\/strong>: Nuestro equipo de <strong>LIRS<\/strong>, comprometido con el manejo adecuado de residuos s\u00f3lidos industriales, realizar\u00e1 una visita t\u00e9cnica previa a la recolecci\u00f3n. Durante esta visita, definiremos el proceso m\u00e1s adecuado para la recolecci\u00f3n y transporte de los residuos de tu empresa, siempre en cumplimiento con la normativa vigente del Ministerio del Ambiente.<\/li>\n\n\n\n<li><strong>Planificaci\u00f3n y Aceptaci\u00f3n<\/strong>: Tras la visita y con la aceptaci\u00f3n previa del cliente, se acordar\u00e1 el d\u00eda para la recolecci\u00f3n y transporte de los residuos, dependiendo del tipo de residuo se  proceder\u00e1 a:\n<ul class=\"wp-block-list\">\n<li><strong>Residuos No Peligrosos<\/strong>: Se emitir\u00e1n las gu\u00edas de transporte respectivas y el cliente deber\u00e1 emitir su gu\u00eda de remitente, especificando el peso de los residuos correspondientes.<\/li>\n\n\n\n<li><strong>Residuos Peligrosos<\/strong>: Se asignar\u00e1 una unidad especial (furg\u00f3n cerrado) y se generar\u00e1n la gu\u00eda de remisi\u00f3n, la gu\u00eda de transportista, y se completar\u00e1 el manifiesto correspondiente.<\/li>\n<\/ul>\n<\/li>\n\n\n\n<li><strong>Certificaci\u00f3n de Disposici\u00f3n Final<\/strong>: Finalizado el transporte, en un plazo m\u00e1ximo de 9 d\u00edas h\u00e1biles, nuestra empresa entregar\u00e1 dos certificados de disposici\u00f3n final de los residuos: uno emitido por nuestra empresa y otro por el relleno sanitario y\/o de seguridad autorizado por el <strong>Ministerio del Ambiente<\/strong>.<\/li>\n\n\n\n<li><strong>Capacitaci\u00f3n y Unidades de Transporte<\/strong>: Contamos con diversas unidades de transporte especializadas para cada tipo de residuo s\u00f3lido. Nuestro personal est\u00e1 constantemente capacitado en los niveles MATPEL I, II y III, garantizando as\u00ed el manejo adecuado de tus residuos.<\/li>\n\n\n\n<li><strong>Beneficios Ambientales<\/strong>: Adem\u00e1s de cumplir con las normativas, nuestro proceso de recolecci\u00f3n y transporte contribuye a la reducci\u00f3n del impacto ambiental. Por ejemplo, el reciclaje de metales y chatarra reduce la contaminaci\u00f3n ambiental y el reciclaje de pl\u00e1sticos ayuda a ahorrar energ\u00eda y reducir las emisiones de CO2.<\/li>\n<\/ol>\n\n\n<div class=\"wp-block-image\">\n<figure class=\"aligncenter size-large is-resized\"><img loading=\"lazy\" decoding=\"async\" width=\"1024\" height=\"1024\" src=\"https:\/\/lirsperu.com\/wp-content\/uploads\/2024\/09\/gerardogerson-1024x1024.jpg\" alt=\"\" class=\"wp-image-1233\" style=\"width:574px;height:auto\" srcset=\"https:\/\/lirsperu.com\/wp-content\/uploads\/2024\/09\/gerardogerson-1024x1024.jpg 1024w, https:\/\/lirsperu.com\/wp-content\/uploads\/2024\/09\/gerardogerson-300x300.jpg 300w, https:\/\/lirsperu.com\/wp-content\/uploads\/2024\/09\/gerardogerson-150x150.jpg 150w, https:\/\/lirsperu.com\/wp-content\/uploads\/2024\/09\/gerardogerson-768x768.jpg 768w, https:\/\/lirsperu.com\/wp-content\/uploads\/2024\/09\/gerardogerson-100x100.jpg 100w, https:\/\/lirsperu.com\/wp-content\/uploads\/2024\/09\/gerardogerson.jpg 1080w\" sizes=\"auto, (max-width: 706px) 89vw, (max-width: 767px) 82vw, 740px\" \/><\/figure>\n<\/div>\n\n\n<pre class=\"wp-block-code\"><code><\/code><\/pre>\n","protected":false},"excerpt":{"rendered":"","protected":false},"author":1,"featured_media":0,"parent":0,"menu_order":0,"comment_status":"closed","ping_status":"closed","template":"","meta":{"_joinchat":[],"footnotes":""},"class_list":["post-88","page","type-page","status-publish","hentry"],"_links":{"self":[{"href":"https:\/\/lirsperu.com\/index.php?rest_route=\/wp\/v2\/pages\/88","targetHints":{"allow":["GET"]}}],"collection":[{"href":"https:\/\/lirsperu.com\/index.php?rest_route=\/wp\/v2\/pages"}],"about":[{"href":"https:\/\/lirsperu.com\/index.php?rest_route=\/wp\/v2\/types\/page"}],"author":[{"embeddable":true,"href":"https:\/\/lirsperu.com\/index.php?rest_route=\/wp\/v2\/users\/1"}],"replies":[{"embeddable":true,"href":"https:\/\/lirsperu.com\/index.php?rest_route=%2Fwp%2Fv2%2Fcomments&post=88"}],"version-history":[{"count":15,"href":"https:\/\/lirsperu.com\/index.php?rest_route=\/wp\/v2\/pages\/88\/revisions"}],"predecessor-version":[{"id":2778,"href":"https:\/\/lirsperu.com\/index.php?rest_route=\/wp\/v2\/pages\/88\/revisions\/2778"}],"wp:attachment":[{"href":"https:\/\/lirsperu.com\/index.php?rest_route=%2Fwp%2Fv2%2Fmedia&parent=88"}],"curies":[{"name":"wp","href":"https:\/\/api.w.org\/{rel}","templated":true}]}}