{"id":1242,"date":"2024-09-13T20:43:16","date_gmt":"2024-09-14T01:43:16","guid":{"rendered":"https:\/\/lirsperu.com\/?page_id=1242"},"modified":"2026-01-22T07:54:22","modified_gmt":"2026-01-22T12:54:22","slug":"comercializacion-de-residuos","status":"publish","type":"page","link":"https:\/\/lirsperu.com\/?page_id=1242","title":{"rendered":"Comercializaci\u00f3n de residuos"},"content":{"rendered":"\n<div class=\"wp-block-columns is-layout-flex wp-container-core-columns-is-layout-9d6595d7 wp-block-columns-is-layout-flex\">\n<div class=\"wp-block-column is-layout-flow wp-block-column-is-layout-flow\">\n<p>Estamos profundamente comprometidos con la protecci\u00f3n del medio ambiente y la promoci\u00f3n de la econom\u00eda circular en cada empresa que visitamos. Nuestro objetivo es maximizar el aprovechamiento de todos los residuos segregables, comercializ\u00e1ndolos para reintroducirlos en el ciclo de producci\u00f3n. De esta manera, no solo reducimos el impacto ambiental, sino que tambi\u00e9n fomentamos pr\u00e1cticas sostenibles y responsables en la gesti\u00f3n de residuos.<\/p>\n<\/div>\n\n\n\n<div class=\"wp-block-column is-layout-flow wp-block-column-is-layout-flow\">\n<figure class=\"wp-block-image size-large is-resized\"><img loading=\"lazy\" decoding=\"async\" width=\"1024\" height=\"1024\" src=\"https:\/\/lirsperu.com\/wp-content\/uploads\/2024\/09\/2-1024x1024.png\" alt=\"\" class=\"wp-image-1269\" style=\"width:354px;height:auto\" srcset=\"https:\/\/lirsperu.com\/wp-content\/uploads\/2024\/09\/2-1024x1024.png 1024w, https:\/\/lirsperu.com\/wp-content\/uploads\/2024\/09\/2-300x300.png 300w, https:\/\/lirsperu.com\/wp-content\/uploads\/2024\/09\/2-150x150.png 150w, https:\/\/lirsperu.com\/wp-content\/uploads\/2024\/09\/2-768x768.png 768w, https:\/\/lirsperu.com\/wp-content\/uploads\/2024\/09\/2-100x100.png 100w, https:\/\/lirsperu.com\/wp-content\/uploads\/2024\/09\/2.png 1080w\" sizes=\"auto, (max-width: 706px) 89vw, (max-width: 767px) 82vw, 740px\" \/><\/figure>\n<\/div>\n<\/div>\n\n\n\n<p>Nos especializamos en la comercializaci\u00f3n de una amplia variedad de residuos aprovechables, tales como:<\/p>\n\n\n\n<p><strong>Pl\u00e1sticos:<\/strong> Reciclamos diferentes tipos de pl\u00e1sticos, transform\u00e1ndolos en materia prima para nuevos productos.<\/p>\n\n\n\n<p><strong>Metales:<\/strong> Recuperamos metales ferrosos y no ferrosos, que son fundidos y reutilizados en diversas industrias.<\/p>\n\n\n\n<p><strong>Papel y cart\u00f3n:<\/strong> Procesamos papel y cart\u00f3n para su reutilizaci\u00f3n en la fabricaci\u00f3n de nuevos productos de papel.<\/p>\n\n\n\n<p><strong>Parihuelas:<\/strong> para la fabricaci\u00f3n de muebles decorativos<\/p>\n\n\n\n<p><strong>Residuos org\u00e1nicos:<\/strong> Convertimos residuos org\u00e1nicos en compost y otros productos \u00fatiles para la agricultura.<\/p>\n\n\n\n<p>Nuestro enfoque integral y sostenible no solo beneficia al medio ambiente, sino que tambi\u00e9n aporta valor econ\u00f3mico a las empresas con las que colaboramos, ayud\u00e1ndolas a cumplir con sus objetivos de sostenibilidad y responsabilidad social.<\/p>\n\n\n\n<figure class=\"wp-block-image size-large\"><img loading=\"lazy\" decoding=\"async\" width=\"724\" height=\"1024\" src=\"https:\/\/lirsperu.com\/wp-content\/uploads\/2026\/01\/b10-724x1024.png\" alt=\"\" class=\"wp-image-2750\" srcset=\"https:\/\/lirsperu.com\/wp-content\/uploads\/2026\/01\/b10-724x1024.png 724w, https:\/\/lirsperu.com\/wp-content\/uploads\/2026\/01\/b10-212x300.png 212w, https:\/\/lirsperu.com\/wp-content\/uploads\/2026\/01\/b10-768x1086.png 768w, https:\/\/lirsperu.com\/wp-content\/uploads\/2026\/01\/b10-1086x1536.png 1086w, https:\/\/lirsperu.com\/wp-content\/uploads\/2026\/01\/b10-1448x2048.png 1448w, https:\/\/lirsperu.com\/wp-content\/uploads\/2026\/01\/b10-scaled.png 1810w\" sizes=\"auto, (max-width: 724px) 100vw, 724px\" \/><\/figure>\n","protected":false},"excerpt":{"rendered":"<p>Estamos profundamente comprometidos con la protecci\u00f3n del medio ambiente y la promoci\u00f3n de la econom\u00eda circular en cada empresa que visitamos. Nuestro objetivo es maximizar el aprovechamiento de todos los residuos segregables, comercializ\u00e1ndolos para reintroducirlos en el ciclo de producci\u00f3n. De esta manera, no solo reducimos el impacto ambiental, sino que tambi\u00e9n fomentamos pr\u00e1cticas sostenibles &hellip; <\/p>\n<p class=\"link-more\"><a href=\"https:\/\/lirsperu.com\/?page_id=1242\" class=\"more-link\">Continue reading<span class=\"screen-reader-text\"> \u00abComercializaci\u00f3n de residuos\u00bb<\/span><\/a><\/p>\n","protected":false},"author":1,"featured_media":0,"parent":0,"menu_order":0,"comment_status":"closed","ping_status":"closed","template":"","meta":{"_joinchat":[],"footnotes":""},"class_list":["post-1242","page","type-page","status-publish","hentry"],"_links":{"self":[{"href":"https:\/\/lirsperu.com\/index.php?rest_route=\/wp\/v2\/pages\/1242","targetHints":{"allow":["GET"]}}],"collection":[{"href":"https:\/\/lirsperu.com\/index.php?rest_route=\/wp\/v2\/pages"}],"about":[{"href":"https:\/\/lirsperu.com\/index.php?rest_route=\/wp\/v2\/types\/page"}],"author":[{"embeddable":true,"href":"https:\/\/lirsperu.com\/index.php?rest_route=\/wp\/v2\/users\/1"}],"replies":[{"embeddable":true,"href":"https:\/\/lirsperu.com\/index.php?rest_route=%2Fwp%2Fv2%2Fcomments&post=1242"}],"version-history":[{"count":10,"href":"https:\/\/lirsperu.com\/index.php?rest_route=\/wp\/v2\/pages\/1242\/revisions"}],"predecessor-version":[{"id":2787,"href":"https:\/\/lirsperu.com\/index.php?rest_route=\/wp\/v2\/pages\/1242\/revisions\/2787"}],"wp:attachment":[{"href":"https:\/\/lirsperu.com\/index.php?rest_route=%2Fwp%2Fv2%2Fmedia&parent=1242"}],"curies":[{"name":"wp","href":"https:\/\/api.w.org\/{rel}","templated":true}]}}