{"id":1240,"date":"2024-09-13T20:42:42","date_gmt":"2024-09-14T01:42:42","guid":{"rendered":"https:\/\/lirsperu.com\/?page_id=1240"},"modified":"2026-01-22T07:52:34","modified_gmt":"2026-01-22T12:52:34","slug":"destruccion-notarial","status":"publish","type":"page","link":"https:\/\/lirsperu.com\/?page_id=1240","title":{"rendered":"Destrucci\u00f3n Notarial"},"content":{"rendered":"\n<p><strong>Destrucci\u00f3n Notarial<\/strong><\/p>\n\n\n\n<div class=\"wp-block-columns are-vertically-aligned-center is-layout-flex wp-container-core-columns-is-layout-9d6595d7 wp-block-columns-is-layout-flex\">\n<div class=\"wp-block-column is-vertically-aligned-center is-layout-flow wp-block-column-is-layout-flow\" style=\"flex-basis:100%\">\n<div class=\"wp-block-columns are-vertically-aligned-center is-layout-flex wp-container-core-columns-is-layout-9d6595d7 wp-block-columns-is-layout-flex\">\n<div class=\"wp-block-column is-vertically-aligned-center is-layout-flow wp-block-column-is-layout-flow\" style=\"flex-basis:100%\">\n<p>En LIRS, ofrecemos un servicio integral de destrucci\u00f3n de bienes, asegurando que el proceso se realice de manera segura y conforme a la normativa vigente. La destrucci\u00f3n de bienes puede llevarse a cabo tanto en las instalaciones del cliente como en un destino final designado. Este proceso se realiza bajo estricta supervisi\u00f3n para garantizar la transparencia y la legalidad.<\/p>\n<\/div>\n<\/div>\n<\/div>\n<\/div>\n\n\n\n<p><strong>Presencia de Autoridades y Representantes<\/strong><\/p>\n\n\n\n<p>La destrucci\u00f3n se lleva a cabo en presencia de un notario p\u00fablico, quien certifica la correcta ejecuci\u00f3n del proceso.<\/p>\n\n\n\n<p>Adem\u00e1s, se cuenta con la participaci\u00f3n de los representantes designados por el cliente, quienes pueden supervisar y verificar la destrucci\u00f3n de sus bienes.<\/p>\n\n\n\n<p><strong>Transporte Seguro y Acondicionado<\/strong><\/p>\n\n\n\n<p>Nuestras unidades de transporte est\u00e1n especialmente acondicionadas para el traslado seguro de los bienes a destruir. Esto incluye medidas de seguridad para prevenir cualquier tipo de incidente durante el transporte.<\/p>\n\n\n\n<p>Todo el proceso de transporte, desde las instalaciones del generador hasta el ingreso al sitio de disposici\u00f3n final, est\u00e1 bajo la supervisi\u00f3n de un supervisor ambiental. Este profesional se encarga de garantizar que el transporte y la destrucci\u00f3n se realicen de manera ambientalmente responsable.<\/p>\n\n\n\n<p><strong>Gesti\u00f3n Integral del Proceso<\/strong><\/p>\n\n\n\n<p>Desde la recolecci\u00f3n de los bienes en las instalaciones del cliente hasta su destrucci\u00f3n final, se sigue un protocolo estricto para asegurar la correcta gesti\u00f3n de los bienes destruidos.<\/p>\n\n\n\n<p>El supervisor ambiental tambi\u00e9n se encarga de documentar cada etapa del proceso, proporcionando un registro detallado que puede ser utilizado para auditor\u00edas y verificaciones futuras.<\/p>\n\n\n\n<p><strong>Garant\u00eda de Destrucci\u00f3n<\/strong><\/p>\n\n\n\n<p>Al finalizar el proceso, se emite un certificado de destrucci\u00f3n que confirma que los bienes han sido destruidos de acuerdo con las normativas legales y ambientales. Este certificado es firmado por el notario p\u00fablico y los representantes presentes, proporcionando una garant\u00eda adicional de la correcta ejecuci\u00f3n del proceso.<\/p>\n\n\n\n<p>En LIRS, nos comprometemos a ofrecer un servicio de destrucci\u00f3n notarial que no solo cumpla con las normativas legales, sino que tambi\u00e9n garantice la seguridad y la tranquilidad de nuestros clientes.<\/p>\n\n\n\n<figure class=\"wp-block-image size-large\"><img loading=\"lazy\" decoding=\"async\" width=\"724\" height=\"1024\" src=\"https:\/\/lirsperu.com\/wp-content\/uploads\/2026\/01\/b6-724x1024.png\" alt=\"\" class=\"wp-image-2746\" srcset=\"https:\/\/lirsperu.com\/wp-content\/uploads\/2026\/01\/b6-724x1024.png 724w, https:\/\/lirsperu.com\/wp-content\/uploads\/2026\/01\/b6-212x300.png 212w, https:\/\/lirsperu.com\/wp-content\/uploads\/2026\/01\/b6-768x1086.png 768w, https:\/\/lirsperu.com\/wp-content\/uploads\/2026\/01\/b6-1086x1536.png 1086w, https:\/\/lirsperu.com\/wp-content\/uploads\/2026\/01\/b6-1448x2048.png 1448w, https:\/\/lirsperu.com\/wp-content\/uploads\/2026\/01\/b6-scaled.png 1810w\" sizes=\"auto, (max-width: 724px) 100vw, 724px\" \/><\/figure>\n","protected":false},"excerpt":{"rendered":"<p>Destrucci\u00f3n Notarial En LIRS, ofrecemos un servicio integral de destrucci\u00f3n de bienes, asegurando que el proceso se realice de manera segura y conforme a la normativa vigente. La destrucci\u00f3n de bienes puede llevarse a cabo tanto en las instalaciones del cliente como en un destino final designado. Este proceso se realiza bajo estricta supervisi\u00f3n para &hellip; <\/p>\n<p class=\"link-more\"><a href=\"https:\/\/lirsperu.com\/?page_id=1240\" class=\"more-link\">Continue reading<span class=\"screen-reader-text\"> \u00abDestrucci\u00f3n Notarial\u00bb<\/span><\/a><\/p>\n","protected":false},"author":1,"featured_media":0,"parent":0,"menu_order":0,"comment_status":"closed","ping_status":"closed","template":"","meta":{"_joinchat":[],"footnotes":""},"class_list":["post-1240","page","type-page","status-publish","hentry"],"_links":{"self":[{"href":"https:\/\/lirsperu.com\/index.php?rest_route=\/wp\/v2\/pages\/1240","targetHints":{"allow":["GET"]}}],"collection":[{"href":"https:\/\/lirsperu.com\/index.php?rest_route=\/wp\/v2\/pages"}],"about":[{"href":"https:\/\/lirsperu.com\/index.php?rest_route=\/wp\/v2\/types\/page"}],"author":[{"embeddable":true,"href":"https:\/\/lirsperu.com\/index.php?rest_route=\/wp\/v2\/users\/1"}],"replies":[{"embeddable":true,"href":"https:\/\/lirsperu.com\/index.php?rest_route=%2Fwp%2Fv2%2Fcomments&post=1240"}],"version-history":[{"count":5,"href":"https:\/\/lirsperu.com\/index.php?rest_route=\/wp\/v2\/pages\/1240\/revisions"}],"predecessor-version":[{"id":2786,"href":"https:\/\/lirsperu.com\/index.php?rest_route=\/wp\/v2\/pages\/1240\/revisions\/2786"}],"wp:attachment":[{"href":"https:\/\/lirsperu.com\/index.php?rest_route=%2Fwp%2Fv2%2Fmedia&parent=1240"}],"curies":[{"name":"wp","href":"https:\/\/api.w.org\/{rel}","templated":true}]}}