{"id":1184,"date":"2024-09-09T09:54:27","date_gmt":"2024-09-09T14:54:27","guid":{"rendered":"https:\/\/lirsperu.com\/?page_id=1184"},"modified":"2026-01-22T07:13:37","modified_gmt":"2026-01-22T12:13:37","slug":"nuestros-servicios","status":"publish","type":"page","link":"https:\/\/lirsperu.com\/","title":{"rendered":"NUESTROS SERVICIOS"},"content":{"rendered":"<div class=\"n2-section-smartslider fitvidsignore  n2_clear\" data-ssid=\"5\"><div id=\"n2-ss-5-align\" class=\"n2-ss-align\"><div class=\"n2-padding\"><div id=\"n2-ss-5\" data-creator=\"Smart Slider 3\" data-responsive=\"auto\" class=\"n2-ss-slider n2-ow n2-has-hover n2notransition  \">\n\n\n\n\n\n\n\n<div class=\"n2-ss-slider-wrapper-inside\">\n        <div class=\"n2-ss-slider-1 n2_ss__touch_element n2-ow\">\n            <div class=\"n2-ss-slider-2 n2-ow\">\n                                                <div class=\"n2-ss-slider-3 n2-ow\">\n\n                    <div class=\"n2-ss-slide-backgrounds n2-ow-all\"><div class=\"n2-ss-slide-background\" data-public-id=\"1\" data-mode=\"fit\"><div class=\"n2-ss-slide-background-image\" data-blur=\"0\" data-opacity=\"100\" data-x=\"50\" data-y=\"50\" data-alt=\"\" data-title=\"\"><picture class=\"skip-lazy\" data-skip-lazy=\"1\"><img decoding=\"async\" src=\"\/\/lirsperu.com\/wp-content\/uploads\/slider\/cache\/0c464e483d8453369117794733936f17\/b1-scaled.png\" alt=\"\" title=\"\" loading=\"lazy\" class=\"skip-lazy\" data-skip-lazy=\"1\"><\/picture><\/div><div data-color=\"RGBA(255,255,255,0)\" style=\"background-color: RGBA(255,255,255,0);\" class=\"n2-ss-slide-background-color\"><\/div><\/div><div class=\"n2-ss-slide-background\" data-public-id=\"2\" data-mode=\"fit\" aria-hidden=\"true\"><div class=\"n2-ss-slide-background-image\" data-blur=\"0\" data-opacity=\"100\" data-x=\"50\" data-y=\"50\" data-alt=\"\" data-title=\"\"><picture class=\"skip-lazy\" data-skip-lazy=\"1\"><img decoding=\"async\" src=\"\/\/lirsperu.com\/wp-content\/uploads\/slider\/cache\/6df251b95f26df1367591a5f2fc9f1ae\/b2-scaled.png\" alt=\"\" title=\"\" loading=\"lazy\" class=\"skip-lazy\" data-skip-lazy=\"1\"><\/picture><\/div><div data-color=\"RGBA(255,255,255,0)\" style=\"background-color: RGBA(255,255,255,0);\" class=\"n2-ss-slide-background-color\"><\/div><\/div><div class=\"n2-ss-slide-background\" data-public-id=\"3\" data-mode=\"fit\" aria-hidden=\"true\"><div class=\"n2-ss-slide-background-image\" data-blur=\"0\" data-opacity=\"100\" data-x=\"50\" data-y=\"50\" data-alt=\"\" data-title=\"\"><picture class=\"skip-lazy\" data-skip-lazy=\"1\"><img decoding=\"async\" src=\"\/\/lirsperu.com\/wp-content\/uploads\/slider\/cache\/84a91ad4f3bd48bdfd0abc5b98aad2f0\/b3-scaled.png\" alt=\"\" title=\"\" loading=\"lazy\" class=\"skip-lazy\" data-skip-lazy=\"1\"><\/picture><\/div><div data-color=\"RGBA(255,255,255,0)\" style=\"background-color: RGBA(255,255,255,0);\" class=\"n2-ss-slide-background-color\"><\/div><\/div><div class=\"n2-ss-slide-background\" data-public-id=\"4\" data-mode=\"fit\" aria-hidden=\"true\"><div class=\"n2-ss-slide-background-image\" data-blur=\"0\" data-opacity=\"100\" data-x=\"50\" data-y=\"50\" data-alt=\"\" data-title=\"\"><picture class=\"skip-lazy\" data-skip-lazy=\"1\"><img decoding=\"async\" src=\"\/\/lirsperu.com\/wp-content\/uploads\/slider\/cache\/1a70b10d385a58c3f455e388c661161d\/b4-scaled.png\" alt=\"\" title=\"\" loading=\"lazy\" class=\"skip-lazy\" data-skip-lazy=\"1\"><\/picture><\/div><div data-color=\"RGBA(255,255,255,0)\" style=\"background-color: RGBA(255,255,255,0);\" class=\"n2-ss-slide-background-color\"><\/div><\/div><div class=\"n2-ss-slide-background\" data-public-id=\"5\" data-mode=\"fit\" aria-hidden=\"true\"><div class=\"n2-ss-slide-background-image\" data-blur=\"0\" data-opacity=\"100\" data-x=\"50\" data-y=\"50\" data-alt=\"\" data-title=\"\"><picture class=\"skip-lazy\" data-skip-lazy=\"1\"><img decoding=\"async\" src=\"\/\/lirsperu.com\/wp-content\/uploads\/slider\/cache\/fdf0f9c39f05d31a6d3a3870b66b520b\/b5-scaled.png\" alt=\"\" title=\"\" loading=\"lazy\" class=\"skip-lazy\" data-skip-lazy=\"1\"><\/picture><\/div><div data-color=\"RGBA(255,255,255,0)\" style=\"background-color: RGBA(255,255,255,0);\" class=\"n2-ss-slide-background-color\"><\/div><\/div><div class=\"n2-ss-slide-background\" data-public-id=\"6\" data-mode=\"fit\" aria-hidden=\"true\"><div class=\"n2-ss-slide-background-image\" data-blur=\"0\" data-opacity=\"100\" data-x=\"50\" data-y=\"50\" data-alt=\"\" data-title=\"\"><picture class=\"skip-lazy\" data-skip-lazy=\"1\"><img decoding=\"async\" src=\"\/\/lirsperu.com\/wp-content\/uploads\/slider\/cache\/5cad4823db51f87d26da4ad3fd44be07\/b6-scaled.png\" alt=\"\" title=\"\" loading=\"lazy\" class=\"skip-lazy\" data-skip-lazy=\"1\"><\/picture><\/div><div data-color=\"RGBA(255,255,255,0)\" style=\"background-color: RGBA(255,255,255,0);\" class=\"n2-ss-slide-background-color\"><\/div><\/div><div class=\"n2-ss-slide-background\" data-public-id=\"7\" data-mode=\"fit\" aria-hidden=\"true\"><div class=\"n2-ss-slide-background-image\" data-blur=\"0\" data-opacity=\"100\" data-x=\"50\" data-y=\"50\" data-alt=\"\" data-title=\"\"><picture class=\"skip-lazy\" data-skip-lazy=\"1\"><img decoding=\"async\" src=\"\/\/lirsperu.com\/wp-content\/uploads\/slider\/cache\/2769269380c285e9c36c8d81e2216b83\/b7-scaled.png\" alt=\"\" title=\"\" loading=\"lazy\" class=\"skip-lazy\" data-skip-lazy=\"1\"><\/picture><\/div><div data-color=\"RGBA(255,255,255,0)\" style=\"background-color: RGBA(255,255,255,0);\" class=\"n2-ss-slide-background-color\"><\/div><\/div><div class=\"n2-ss-slide-background\" data-public-id=\"8\" data-mode=\"fit\" aria-hidden=\"true\"><div class=\"n2-ss-slide-background-image\" data-blur=\"0\" data-opacity=\"100\" data-x=\"50\" data-y=\"50\" data-alt=\"\" data-title=\"\"><picture class=\"skip-lazy\" data-skip-lazy=\"1\"><img decoding=\"async\" src=\"\/\/lirsperu.com\/wp-content\/uploads\/slider\/cache\/d03d8915213e09264901cb2a2b57023f\/b8-scaled.png\" alt=\"\" title=\"\" loading=\"lazy\" class=\"skip-lazy\" data-skip-lazy=\"1\"><\/picture><\/div><div data-color=\"RGBA(255,255,255,0)\" style=\"background-color: RGBA(255,255,255,0);\" class=\"n2-ss-slide-background-color\"><\/div><\/div><div class=\"n2-ss-slide-background\" data-public-id=\"9\" data-mode=\"fit\" aria-hidden=\"true\"><div class=\"n2-ss-slide-background-image\" data-blur=\"0\" data-opacity=\"100\" data-x=\"50\" data-y=\"50\" data-alt=\"\" data-title=\"\"><picture class=\"skip-lazy\" data-skip-lazy=\"1\"><img decoding=\"async\" src=\"\/\/lirsperu.com\/wp-content\/uploads\/slider\/cache\/0e8fb9bfb91e2cbdb5bcb9ba6cf65c79\/b9-scaled.png\" alt=\"\" title=\"\" loading=\"lazy\" class=\"skip-lazy\" data-skip-lazy=\"1\"><\/picture><\/div><div data-color=\"RGBA(255,255,255,0)\" style=\"background-color: RGBA(255,255,255,0);\" class=\"n2-ss-slide-background-color\"><\/div><\/div><div class=\"n2-ss-slide-background\" data-public-id=\"10\" data-mode=\"fit\" aria-hidden=\"true\"><div class=\"n2-ss-slide-background-image\" data-blur=\"0\" data-opacity=\"100\" data-x=\"50\" data-y=\"50\" data-alt=\"\" data-title=\"\"><picture class=\"skip-lazy\" data-skip-lazy=\"1\"><img decoding=\"async\" src=\"\/\/lirsperu.com\/wp-content\/uploads\/slider\/cache\/cdc5c4ad4f6e5afd6a06cdd16bdcad86\/b10-scaled.png\" alt=\"\" title=\"\" loading=\"lazy\" class=\"skip-lazy\" data-skip-lazy=\"1\"><\/picture><\/div><div data-color=\"RGBA(255,255,255,0)\" style=\"background-color: RGBA(255,255,255,0);\" class=\"n2-ss-slide-background-color\"><\/div><\/div><div class=\"n2-ss-slide-background\" data-public-id=\"11\" data-mode=\"fit\" aria-hidden=\"true\"><div class=\"n2-ss-slide-background-image\" data-blur=\"0\" data-opacity=\"100\" data-x=\"50\" data-y=\"50\" data-alt=\"\" data-title=\"\"><picture class=\"skip-lazy\" data-skip-lazy=\"1\"><img decoding=\"async\" src=\"\/\/lirsperu.com\/wp-content\/uploads\/slider\/cache\/63bf206d7a1cc746287367fc22afe878\/b11-scaled.png\" alt=\"\" title=\"\" loading=\"lazy\" class=\"skip-lazy\" data-skip-lazy=\"1\"><\/picture><\/div><div data-color=\"RGBA(255,255,255,0)\" style=\"background-color: RGBA(255,255,255,0);\" class=\"n2-ss-slide-background-color\"><\/div><\/div><\/div>                    <div class=\"n2-ss-slider-4 n2-ow\">\n                        <svg xmlns=\"http:\/\/www.w3.org\/2000\/svg\" viewBox=\"0 0 150 250\" data-related-device=\"desktopPortrait\" class=\"n2-ow n2-ss-preserve-size n2-ss-preserve-size--slider n2-ss-slide-limiter\"><\/svg><div data-first=\"1\" data-slide-duration=\"0\" data-id=\"45\" data-slide-public-id=\"1\" data-title=\"b1\" class=\"n2-ss-slide n2-ow  n2-ss-slide-45\"><div role=\"note\" class=\"n2-ss-slide--focus\" tabindex=\"-1\">b1<\/div><div class=\"n2-ss-layers-container n2-ss-slide-limiter n2-ow\"><div class=\"n2-ss-layer n2-ow n-uc-TLmdrEH56AxY\" data-sstype=\"slide\" data-pm=\"default\"><\/div><\/div><\/div><div data-slide-duration=\"0\" data-id=\"46\" data-slide-public-id=\"2\" aria-hidden=\"true\" data-title=\"b2\" class=\"n2-ss-slide n2-ow  n2-ss-slide-46\"><div role=\"note\" class=\"n2-ss-slide--focus\" tabindex=\"-1\">b2<\/div><div class=\"n2-ss-layers-container n2-ss-slide-limiter n2-ow\"><div class=\"n2-ss-layer n2-ow n-uc-s8cvx86TYv8a\" data-sstype=\"slide\" data-pm=\"default\"><\/div><\/div><\/div><div data-slide-duration=\"0\" data-id=\"47\" data-slide-public-id=\"3\" aria-hidden=\"true\" data-title=\"b3\" class=\"n2-ss-slide n2-ow  n2-ss-slide-47\"><div role=\"note\" class=\"n2-ss-slide--focus\" tabindex=\"-1\">b3<\/div><div class=\"n2-ss-layers-container n2-ss-slide-limiter n2-ow\"><div class=\"n2-ss-layer n2-ow n-uc-3zJZQmnAQldb\" data-sstype=\"slide\" data-pm=\"default\"><\/div><\/div><\/div><div data-slide-duration=\"0\" data-id=\"48\" data-slide-public-id=\"4\" aria-hidden=\"true\" data-title=\"b4\" class=\"n2-ss-slide n2-ow  n2-ss-slide-48\"><div role=\"note\" class=\"n2-ss-slide--focus\" tabindex=\"-1\">b4<\/div><div class=\"n2-ss-layers-container n2-ss-slide-limiter n2-ow\"><div class=\"n2-ss-layer n2-ow n-uc-kUzWlqg5awT8\" data-sstype=\"slide\" data-pm=\"default\"><\/div><\/div><\/div><div data-slide-duration=\"0\" data-id=\"49\" data-slide-public-id=\"5\" aria-hidden=\"true\" data-title=\"b5\" class=\"n2-ss-slide n2-ow  n2-ss-slide-49\"><div role=\"note\" class=\"n2-ss-slide--focus\" tabindex=\"-1\">b5<\/div><div class=\"n2-ss-layers-container n2-ss-slide-limiter n2-ow\"><div class=\"n2-ss-layer n2-ow n-uc-wFzFXLFtg4ZV\" data-sstype=\"slide\" data-pm=\"default\"><\/div><\/div><\/div><div data-slide-duration=\"0\" data-id=\"50\" data-slide-public-id=\"6\" aria-hidden=\"true\" data-title=\"b6\" class=\"n2-ss-slide n2-ow  n2-ss-slide-50\"><div role=\"note\" class=\"n2-ss-slide--focus\" tabindex=\"-1\">b6<\/div><div class=\"n2-ss-layers-container n2-ss-slide-limiter n2-ow\"><div class=\"n2-ss-layer n2-ow n-uc-RxJuLunMVaOQ\" data-sstype=\"slide\" data-pm=\"default\"><\/div><\/div><\/div><div data-slide-duration=\"0\" data-id=\"51\" data-slide-public-id=\"7\" aria-hidden=\"true\" data-title=\"b7\" class=\"n2-ss-slide n2-ow  n2-ss-slide-51\"><div role=\"note\" class=\"n2-ss-slide--focus\" tabindex=\"-1\">b7<\/div><div class=\"n2-ss-layers-container n2-ss-slide-limiter n2-ow\"><div class=\"n2-ss-layer n2-ow n-uc-mQQfIBRkvMHp\" data-sstype=\"slide\" data-pm=\"default\"><\/div><\/div><\/div><div data-slide-duration=\"0\" data-id=\"52\" data-slide-public-id=\"8\" aria-hidden=\"true\" data-title=\"b8\" class=\"n2-ss-slide n2-ow  n2-ss-slide-52\"><div role=\"note\" class=\"n2-ss-slide--focus\" tabindex=\"-1\">b8<\/div><div class=\"n2-ss-layers-container n2-ss-slide-limiter n2-ow\"><div class=\"n2-ss-layer n2-ow n-uc-q7SaHmg5tcRh\" data-sstype=\"slide\" data-pm=\"default\"><\/div><\/div><\/div><div data-slide-duration=\"0\" data-id=\"53\" data-slide-public-id=\"9\" aria-hidden=\"true\" data-title=\"b9\" class=\"n2-ss-slide n2-ow  n2-ss-slide-53\"><div role=\"note\" class=\"n2-ss-slide--focus\" tabindex=\"-1\">b9<\/div><div class=\"n2-ss-layers-container n2-ss-slide-limiter n2-ow\"><div class=\"n2-ss-layer n2-ow n-uc-kjZB5eMufSEa\" data-sstype=\"slide\" data-pm=\"default\"><\/div><\/div><\/div><div data-slide-duration=\"0\" data-id=\"54\" data-slide-public-id=\"10\" aria-hidden=\"true\" data-title=\"b10\" class=\"n2-ss-slide n2-ow  n2-ss-slide-54\"><div role=\"note\" class=\"n2-ss-slide--focus\" tabindex=\"-1\">b10<\/div><div class=\"n2-ss-layers-container n2-ss-slide-limiter n2-ow\"><div class=\"n2-ss-layer n2-ow n-uc-a1D3nKsQJntF\" data-sstype=\"slide\" data-pm=\"default\"><\/div><\/div><\/div><div data-slide-duration=\"0\" data-id=\"55\" data-slide-public-id=\"11\" aria-hidden=\"true\" data-title=\"b11\" class=\"n2-ss-slide n2-ow  n2-ss-slide-55\"><div role=\"note\" class=\"n2-ss-slide--focus\" tabindex=\"-1\">b11<\/div><div class=\"n2-ss-layers-container n2-ss-slide-limiter n2-ow\"><div class=\"n2-ss-layer n2-ow n-uc-TpYlnrEhWaIH\" data-sstype=\"slide\" data-pm=\"default\"><\/div><\/div><\/div>                    <\/div>\n\n                                    <\/div>\n            <\/div>\n        <\/div>\n        <div class=\"n2-ss-slider-controls n2-ss-slider-controls-absolute-right-top\"><div style=\"--widget-offset:15px;\" class=\"n2-ss-widget n2-style-f17ddbf2d8ed14421f9093b94b93b8a9-heading nextend-autoplay n2-ow-all nextend-autoplay-image\" role=\"button\" aria-label=\"Iniciar reproducci\u00f3n autom\u00e1tica\" data-pause-label=\"Pausar reproducci\u00f3n autom\u00e1tica\" data-play-label=\"Iniciar reproducci\u00f3n autom\u00e1tica\" tabindex=\"0\"><img loading=\"lazy\" decoding=\"async\" width=\"16\" height=\"16\" class=\"nextend-autoplay-play skip-lazy\" data-skip-lazy=\"1\" src=\"data:image\/svg+xml;base64,PHN2ZyB3aWR0aD0iMTYiIGhlaWdodD0iMTYiIHZpZXdCb3g9IjAgMCAxNiAxNiIgeG1sbnM9Imh0dHA6Ly93d3cudzMub3JnLzIwMDAvc3ZnIj4KICAgIDxwYXRoIGQ9Ik0xMS41OCA3LjAzTDUuMzAyIDIuMTY1QzUuMTY1IDIuMDU3IDUuMDE2IDIgNC44NTcgMiA0LjM4NCAyIDQgMi41MDQgNCAzLjEyNXY5Ljc1YzAgLjYyLjM4NCAxLjEyNS44NTcgMS4xMjUuMTYgMCAuMzA4LS4wNTcuNDM2LS4xNTZMMTEuNTggOC45N2MuMjUtLjE5OC40Mi0uNTU4LjQyLS45NyAwLS40MTItLjE3LS43NzMtLjQyLS45N3oiCiAgICAgICAgICBmaWxsPSIjZmZmZmZmIiBvcGFjaXR5PSIwLjgiIGZpbGwtcnVsZT0iZXZlbm9kZCIvPgo8L3N2Zz4=\" alt=\"Play\"><img loading=\"lazy\" decoding=\"async\" width=\"16\" height=\"16\" class=\"nextend-autoplay-pause skip-lazy\" data-skip-lazy=\"1\" src=\"data:image\/svg+xml;base64,PHN2ZyB3aWR0aD0iMTYiIGhlaWdodD0iMTYiIHZpZXdCb3g9IjAgMCAxNiAxNiIgeG1sbnM9Imh0dHA6Ly93d3cudzMub3JnLzIwMDAvc3ZnIj4KICAgIDxwYXRoIGQ9Ik00IDJ2MTJoM1YySDR6bTUgMHYxMmgzVjJIOXoiIGZpbGw9IiNmZmZmZmYiIG9wYWNpdHk9IjAuOCIgZmlsbC1ydWxlPSJldmVub2RkIi8+Cjwvc3ZnPg==\" alt=\"Pause\"><\/div><\/div><div class=\"n2-ss-slider-controls n2-ss-slider-controls-absolute-left-center\"><div style=\"--widget-offset:15px;\" class=\"n2-ss-widget n2-style-107cb0e4b96e295f0c4852cfc0854d07-heading nextend-arrow n2-ow-all nextend-arrow-previous  nextend-arrow-animated-fade\" data-hide-mobileportrait=\"1\" id=\"n2-ss-5-arrow-previous\" role=\"button\" aria-label=\"previous arrow\" tabindex=\"0\"><img loading=\"lazy\" decoding=\"async\" width=\"32\" height=\"32\" class=\"n2-arrow-normal-img skip-lazy\" data-skip-lazy=\"1\" src=\"data:image\/svg+xml;base64,PHN2ZyB4bWxucz0iaHR0cDovL3d3dy53My5vcmcvMjAwMC9zdmciIHdpZHRoPSIzMiIgaGVpZ2h0PSIzMiIgdmlld0JveD0iMCAwIDMyIDMyIj4KICAgIDxwYXRoIGZpbGw9IiNmZmZmZmYiIG9wYWNpdHk9IjAuOCIgZmlsbC1ydWxlPSJldmVub2RkIgogICAgICAgICAgZD0iTTE4Ljk5NTggOC45OTA3YzAtLjQyNC0uMjA0LS43MjMtLjYxLS44OTgtLjQwOS0uMTczLS43NzItLjEwNC0xLjA5My4yMDlsLTcuMDA2IDYuOTc1Yy0uMjAxLjE5OS0uMjk3LjQzNy0uMjg2LjcxNiAwIC4yNjcuMDk2LjQ5OC4yODYuNjg5bDcuMDA2IDcuMDAxYy4zMjEuMzIxLjY4NC4zODkgMS4wOTMuMjA5LjQwNi0uMTc0LjYxLS40ODIuNjEtLjkyMlY4Ljk5MDd6Ii8+Cjwvc3ZnPg==\" alt=\"previous arrow\"><img loading=\"lazy\" decoding=\"async\" width=\"32\" height=\"32\" class=\"n2-arrow-hover-img skip-lazy\" data-skip-lazy=\"1\" src=\"data:image\/svg+xml;base64,PHN2ZyB4bWxucz0iaHR0cDovL3d3dy53My5vcmcvMjAwMC9zdmciIHdpZHRoPSIzMiIgaGVpZ2h0PSIzMiIgdmlld0JveD0iMCAwIDMyIDMyIj4KICAgIDxwYXRoIGZpbGw9IiNmZmZmZmYiIG9wYWNpdHk9IjAuOCIgZmlsbC1ydWxlPSJldmVub2RkIgogICAgICAgICAgZD0iTTE4Ljk5NTggOC45OTA3YzAtLjQyNC0uMjA0LS43MjMtLjYxLS44OTgtLjQwOS0uMTczLS43NzItLjEwNC0xLjA5My4yMDlsLTcuMDA2IDYuOTc1Yy0uMjAxLjE5OS0uMjk3LjQzNy0uMjg2LjcxNiAwIC4yNjcuMDk2LjQ5OC4yODYuNjg5bDcuMDA2IDcuMDAxYy4zMjEuMzIxLjY4NC4zODkgMS4wOTMuMjA5LjQwNi0uMTc0LjYxLS40ODIuNjEtLjkyMlY4Ljk5MDd6Ii8+Cjwvc3ZnPg==\" alt=\"previous arrow\"><\/div><\/div><div class=\"n2-ss-slider-controls n2-ss-slider-controls-absolute-right-center\"><div style=\"--widget-offset:15px;\" class=\"n2-ss-widget n2-style-107cb0e4b96e295f0c4852cfc0854d07-heading nextend-arrow n2-ow-all nextend-arrow-next  nextend-arrow-animated-fade\" data-hide-mobileportrait=\"1\" id=\"n2-ss-5-arrow-next\" role=\"button\" aria-label=\"next arrow\" tabindex=\"0\"><img loading=\"lazy\" decoding=\"async\" width=\"32\" height=\"32\" class=\"n2-arrow-normal-img skip-lazy\" data-skip-lazy=\"1\" src=\"data:image\/svg+xml;base64,PHN2ZyB3aWR0aD0iMzIiIGhlaWdodD0iMzIiIHZpZXdCb3g9IjAgMCAzMiAzMiIgeG1sbnM9Imh0dHA6Ly93d3cudzMub3JnLzIwMDAvc3ZnIj4KICAgIDxwYXRoIGQ9Ik0xMiA4Ljk5YzAtLjQyMy4yMDQtLjcyMi42MS0uODk3LjQwOC0uMTczLjc3Mi0uMTA0IDEuMDkyLjIxbDcuMDA2IDYuOTc0Yy4yMDIuMi4yOTguNDM3LjI4Ny43MTYgMCAuMjY3LS4wOTYuNDk4LS4yODcuNjlsLTcuMDA2IDdjLS4zMi4zMi0uNjg0LjM5LTEuMDkyLjIxLS40MDYtLjE3NS0uNjEtLjQ4My0uNjEtLjkyM1Y4Ljk5eiIKICAgICAgICAgIGZpbGw9IiNmZmZmZmYiIG9wYWNpdHk9IjAuOCIgZmlsbC1ydWxlPSJldmVub2RkIi8+Cjwvc3ZnPg==\" alt=\"next arrow\"><img loading=\"lazy\" decoding=\"async\" width=\"32\" height=\"32\" class=\"n2-arrow-hover-img skip-lazy\" data-skip-lazy=\"1\" src=\"data:image\/svg+xml;base64,PHN2ZyB3aWR0aD0iMzIiIGhlaWdodD0iMzIiIHZpZXdCb3g9IjAgMCAzMiAzMiIgeG1sbnM9Imh0dHA6Ly93d3cudzMub3JnLzIwMDAvc3ZnIj4KICAgIDxwYXRoIGQ9Ik0xMiA4Ljk5YzAtLjQyMy4yMDQtLjcyMi42MS0uODk3LjQwOC0uMTczLjc3Mi0uMTA0IDEuMDkyLjIxbDcuMDA2IDYuOTc0Yy4yMDIuMi4yOTguNDM3LjI4Ny43MTYgMCAuMjY3LS4wOTYuNDk4LS4yODcuNjlsLTcuMDA2IDdjLS4zMi4zMi0uNjg0LjM5LTEuMDkyLjIxLS40MDYtLjE3NS0uNjEtLjQ4My0uNjEtLjkyM1Y4Ljk5eiIKICAgICAgICAgIGZpbGw9IiNmZmZmZmYiIG9wYWNpdHk9IjAuOCIgZmlsbC1ydWxlPSJldmVub2RkIi8+Cjwvc3ZnPg==\" alt=\"next arrow\"><\/div><\/div><\/div><\/div><ss3-loader><\/ss3-loader><\/div><\/div><div class=\"n2_clear\"><\/div><\/div>\n\n\n<section style=\"font-family:'Poppins',Arial,sans-serif;background-color:#F8F9FA;color:#333;padding:50px 20px;line-height:1.7;\">\n\n  <!-- T\u00cdTULO -->\n  <div style=\"max-width:1100px;margin:0 auto;text-align:center;\">\n    <h1 style=\"color:#00A3E0;font-size:2.3em;font-weight:700;margin-bottom:15px;\">\n      Nuestros Servicios\n    <\/h1>\n    <p style=\"font-size:1.05em;margin-top:10px;\">\n      En <strong>LIRS<\/strong>, ofrecemos soluciones ambientales eficientes y sostenibles, garantizando el manejo responsable de los residuos.\n    <\/p>\n  <\/div>\n\n  <!-- SERVICIOS -->\n  <div class=\"servicios-grid\" style=\"max-width:1100px;margin:50px auto;display:grid;grid-template-columns:repeat(auto-fit,minmax(250px,1fr));gap:30px;\">\n\n    <!-- Servicio 1 -->\n    <a href=\"https:\/\/lirsperu.com\/?page_id=88\" target=\"_blank\" class=\"servicio-card\">\n      <img decoding=\"async\" src=\"https:\/\/lirsperu.com\/wp-content\/uploads\/2025\/11\/transporteresiduos-scaled.png\" alt=\"Residuos Industriales\" class=\"icono-servicio\">\n      <h3>Recolecci\u00f3n y Transporte de Residuos Industriales<\/h3>\n      <p>Gesti\u00f3n eficiente de residuos industriales, cumpliendo los est\u00e1ndares del MINAM y la normativa vigente.<\/p>\n    <\/a>\n\n    <!-- Servicio 2 -->\n    <a href=\"https:\/\/lirsperu.com\/?page_id=1238\" target=\"_blank\" class=\"servicio-card\">\n      <img decoding=\"async\" src=\"https:\/\/lirsperu.com\/wp-content\/uploads\/2025\/11\/trasporte-biocontaminados-scaled.png\" alt=\"Residuos Biocontaminados\" class=\"icono-servicio\">\n      <h3>Recolecci\u00f3n y Transporte de Residuos Biocontaminados<\/h3>\n      <p>Manejo seguro de residuos hospitalarios conforme a protocolos de bioseguridad.<\/p>\n    <\/a>\n\n    <!-- Servicio 3 -->\n    <a href=\"https:\/\/lirsperu.com\/?page_id=90\" target=\"_blank\" class=\"servicio-card\">\n      <img decoding=\"async\" src=\"https:\/\/lirsperu.com\/wp-content\/uploads\/2025\/11\/saneamientoambiental.png\" alt=\"Saneamiento Ambiental\" class=\"icono-servicio\">\n      <h3>Saneamiento Ambiental<\/h3>\n      <p>Limpieza, control ambiental y desinfecci\u00f3n de espacios industriales y comerciales.<\/p>\n    <\/a>\n\n    <!-- Servicio 4 -->\n    <a href=\"https:\/\/lirsperu.com\/?page_id=1240\" target=\"_blank\" class=\"servicio-card\">\n      <img decoding=\"async\" src=\"https:\/\/lirsperu.com\/wp-content\/uploads\/2025\/11\/destruccionnotarial-scaled.png\" alt=\"Destrucci\u00f3n Notarial\" class=\"icono-servicio\">\n      <h3>Destrucci\u00f3n Notarial<\/h3>\n      <p>Eliminaci\u00f3n certificada de documentos y productos bajo supervisi\u00f3n notarial.<\/p>\n    <\/a>\n\n    <!-- Servicio 5 -->\n    <a href=\"https:\/\/lirsperu.com\/?page_id=1242\" target=\"_blank\" class=\"servicio-card\">\n      <img decoding=\"async\" src=\"https:\/\/lirsperu.com\/wp-content\/uploads\/2025\/11\/comercializacionresiduos.png\" alt=\"Comercializaci\u00f3n de Residuos\" class=\"icono-servicio\">\n      <h3>Comercializaci\u00f3n de Residuos<\/h3>\n      <p>Valorizaci\u00f3n de materiales reciclables promoviendo la econom\u00eda circular.<\/p>\n    <\/a>\n\n    <!-- Servicio 6 -->\n    <a href=\"https:\/\/lirsperu.com\/?page_id=1244\" target=\"_blank\" class=\"servicio-card\">\n      <img decoding=\"async\" src=\"https:\/\/lirsperu.com\/wp-content\/uploads\/2025\/11\/asesoria_ambiental.png\" alt=\"Asesor\u00eda Ambiental\" class=\"icono-servicio\">\n      <h3>Asesor\u00eda Ambiental<\/h3>\n      <p>Consultor\u00eda t\u00e9cnica en gesti\u00f3n ambiental, cumplimiento normativo y sostenibilidad.<\/p>\n    <\/a>\n\n    <!-- Servicio 7 -->\n    <a href=\"https:\/\/lirsperu.com\/?page_id=2761\" target=\"_blank\" class=\"servicio-card\">\n      <img decoding=\"async\" src=\"https:\/\/lirsperu.com\/wp-content\/uploads\/2026\/01\/icono-soldadura-scaled.png\" alt=\"Mantenimiento Industrial\" class=\"icono-servicio\">\n      <h3>Mantenimiento Industrial<\/h3>\n      <p>Mantenimiento preventivo y correctivo mec\u00e1nico y el\u00e9ctrico.<\/p>\n    <\/a>\n\n  <\/div>\n<\/section>\n\n<!-- \u2705 CSS DIRECTO (COMPATIBLE CON WORDPRESS) -->\n<style>\n  .servicio-card {\n    display: block;\n    background: #ffffff;\n    border-radius: 16px;\n    padding: 30px;\n    text-align: center;\n    color: #333;\n    text-decoration: none;\n    box-shadow: 0 4px 10px rgba(0,0,0,0.08);\n    transition: all 0.4s ease;\n  }\n\n  .servicio-card h3 {\n    color: #00A3E0;\n    font-weight: 600;\n    margin: 15px 0 10px;\n  }\n\n  .servicio-card p {\n    color: #555;\n    font-size: 0.95em;\n    margin: 0;\n  }\n\n  .icono-servicio {\n    width: 80px;\n    height: 80px;\n    object-fit: contain;\n    margin-bottom: 10px;\n    transition: transform 0.4s ease;\n  }\n\n  \/* \ud83c\udf1f Hover elegante *\/\n  .servicio-card:hover {\n    transform: translateY(-6px);\n    box-shadow: 0 8px 20px rgba(0,163,224,0.35);\n    background-color: #E6F7FF;\n  }\n\n  .servicio-card:hover .icono-servicio {\n    transform: scale(1.1);\n  }\n<\/style>\n\n","protected":false},"excerpt":{"rendered":"<p>Nuestros Servicios En LIRS, ofrecemos soluciones ambientales eficientes y sostenibles, garantizando el manejo responsable de los residuos. Recolecci\u00f3n y Transporte de Residuos Industriales Gesti\u00f3n eficiente de residuos industriales, cumpliendo los est\u00e1ndares del MINAM y la normativa vigente. Recolecci\u00f3n y Transporte de Residuos Biocontaminados Manejo seguro de residuos hospitalarios conforme a protocolos de bioseguridad. Saneamiento Ambiental &hellip; <\/p>\n<p class=\"link-more\"><a href=\"https:\/\/lirsperu.com\/\" class=\"more-link\">Continue reading<span class=\"screen-reader-text\"> \u00abNUESTROS SERVICIOS\u00bb<\/span><\/a><\/p>\n","protected":false},"author":1,"featured_media":0,"parent":0,"menu_order":0,"comment_status":"closed","ping_status":"closed","template":"","meta":{"_joinchat":[],"footnotes":""},"class_list":["post-1184","page","type-page","status-publish","hentry"],"_links":{"self":[{"href":"https:\/\/lirsperu.com\/index.php?rest_route=\/wp\/v2\/pages\/1184","targetHints":{"allow":["GET"]}}],"collection":[{"href":"https:\/\/lirsperu.com\/index.php?rest_route=\/wp\/v2\/pages"}],"about":[{"href":"https:\/\/lirsperu.com\/index.php?rest_route=\/wp\/v2\/types\/page"}],"author":[{"embeddable":true,"href":"https:\/\/lirsperu.com\/index.php?rest_route=\/wp\/v2\/users\/1"}],"replies":[{"embeddable":true,"href":"https:\/\/lirsperu.com\/index.php?rest_route=%2Fwp%2Fv2%2Fcomments&post=1184"}],"version-history":[{"count":49,"href":"https:\/\/lirsperu.com\/index.php?rest_route=\/wp\/v2\/pages\/1184\/revisions"}],"predecessor-version":[{"id":2770,"href":"https:\/\/lirsperu.com\/index.php?rest_route=\/wp\/v2\/pages\/1184\/revisions\/2770"}],"wp:attachment":[{"href":"https:\/\/lirsperu.com\/index.php?rest_route=%2Fwp%2Fv2%2Fmedia&parent=1184"}],"curies":[{"name":"wp","href":"https:\/\/api.w.org\/{rel}","templated":true}]}}